{"id":273,"date":"2021-12-21T19:02:19","date_gmt":"2021-12-21T18:02:19","guid":{"rendered":"https:\/\/rehability.cz\/?page_id=273"},"modified":"2022-01-18T20:08:19","modified_gmt":"2022-01-18T19:08:19","slug":"cenik","status":"publish","type":"page","link":"https:\/\/rehability.cz\/en\/cenik\/","title":{"rendered":"PRICE LIST"},"content":{"rendered":"<div data-elementor-type=\"wp-page\" data-elementor-id=\"273\" class=\"elementor elementor-273\">\n\t\t\t\t\t\t\t\t\t<section class=\"elementor-section elementor-top-section elementor-element elementor-element-2ba3514 elementor-section-height-min-height elementor-section-boxed elementor-section-height-default elementor-section-items-middle\" data-id=\"2ba3514\" data-element_type=\"section\" data-settings=\"{&quot;background_background&quot;:&quot;classic&quot;,&quot;_ha_eqh_enable&quot;:false}\">\n\t\t\t\t\t\t\t<div class=\"elementor-background-overlay\"><\/div>\n\t\t\t\t\t\t\t<div class=\"elementor-container elementor-column-gap-default\">\n\t\t\t\t\t<div class=\"elementor-column elementor-col-100 elementor-top-column elementor-element elementor-element-125ad19\" data-id=\"125ad19\" data-element_type=\"column\">\n\t\t\t<div class=\"elementor-widget-wrap elementor-element-populated\">\n\t\t\t\t\t\t\t\t<div class=\"elementor-element elementor-element-bc8d3a5 elementor-widget elementor-widget-heading\" data-id=\"bc8d3a5\" data-element_type=\"widget\" data-widget_type=\"heading.default\">\n\t\t\t\t<div class=\"elementor-widget-container\">\n\t\t\t<style>\/*! elementor - v3.7.8 - 02-10-2022 *\/\n.elementor-heading-title{padding:0;margin:0;line-height:1}.elementor-widget-heading .elementor-heading-title[class*=elementor-size-]>a{color:inherit;font-size:inherit;line-height:inherit}.elementor-widget-heading .elementor-heading-title.elementor-size-small{font-size:15px}.elementor-widget-heading .elementor-heading-title.elementor-size-medium{font-size:19px}.elementor-widget-heading .elementor-heading-title.elementor-size-large{font-size:29px}.elementor-widget-heading .elementor-heading-title.elementor-size-xl{font-size:39px}.elementor-widget-heading .elementor-heading-title.elementor-size-xxl{font-size:59px}<\/style><h2 class=\"elementor-heading-title elementor-size-default\">PRICE LIST<\/h2>\t\t<\/div>\n\t\t\t\t<\/div>\n\t\t\t\t\t<\/div>\n\t\t<\/div>\n\t\t\t\t\t\t\t<\/div>\n\t\t<\/section>\n\t\t\t\t<section class=\"elementor-section elementor-top-section elementor-element elementor-element-fbf0210 elementor-section-boxed elementor-section-height-default elementor-section-height-default\" data-id=\"fbf0210\" data-element_type=\"section\" data-settings=\"{&quot;_ha_eqh_enable&quot;:false}\">\n\t\t\t\t\t\t<div class=\"elementor-container elementor-column-gap-default\">\n\t\t\t\t\t<div class=\"elementor-column elementor-col-100 elementor-top-column elementor-element elementor-element-ad05ecb\" data-id=\"ad05ecb\" data-element_type=\"column\">\n\t\t\t<div class=\"elementor-widget-wrap elementor-element-populated\">\n\t\t\t\t\t\t\t\t<div class=\"elementor-element elementor-element-b80fd29 elementor-widget elementor-widget-text-editor\" data-id=\"b80fd29\" data-element_type=\"widget\" data-widget_type=\"text-editor.default\">\n\t\t\t\t<div class=\"elementor-widget-container\">\n\t\t\t<style>\/*! elementor - v3.7.8 - 02-10-2022 *\/\n.elementor-widget-text-editor.elementor-drop-cap-view-stacked .elementor-drop-cap{background-color:#818a91;color:#fff}.elementor-widget-text-editor.elementor-drop-cap-view-framed .elementor-drop-cap{color:#818a91;border:3px solid;background-color:transparent}.elementor-widget-text-editor:not(.elementor-drop-cap-view-default) .elementor-drop-cap{margin-top:8px}.elementor-widget-text-editor:not(.elementor-drop-cap-view-default) .elementor-drop-cap-letter{width:1em;height:1em}.elementor-widget-text-editor .elementor-drop-cap{float:left;text-align:center;line-height:1;font-size:50px}.elementor-widget-text-editor .elementor-drop-cap-letter{display:inline-block}<\/style>\t\t\t\t<table>\n<tbody>\n<tr>\n<td style=\"width:50%\">Treatment\/ Physical Therapy<\/td>\n<td style=\"width:50%\">1500 K\u010d<\/td>\n<\/tr>\n<tr>\n<td style=\"width:50%\">Sportovn\u00ed rehabilitace<\/td>\n<td style=\"width:50%\">1600 K\u010d<\/td>\n<\/tr>\n<tr>\n<td style=\"width:50%\">Acute care from physical therapist<\/td>\n<td style=\"width:50%\">2500 K\u010d<\/td>\n<\/tr>\n<tr>\n<td style=\"width:50%\">Rehabilitace u t\u011bhotn\u00fdch prvn\u00ed n\u00e1v\u0161t\u011bva<\/td>\n<td style=\"width:50%\">2000 K\u010d<\/td>\n<\/tr>\n<tr>\n<td style=\"width:50%\">Rehabilitace t\u011bhotn\u00fdch<\/td>\n<td style=\"width:50%\">1500 K\u010d<\/td>\n<\/tr>\n<tr>\n<td style=\"width:50%\">Rehabilitace u d\u011bt\u00ed do 8 let<\/td>\n<td style=\"width:50%\">1000 K\u010d<\/td>\n<\/tr>\n<tr>\n<td style=\"width:50%\">Rehabilitace d\u011bt\u00ed do 1 roku<\/td>\n<td style=\"width:50%\">800 K\u010d<\/td>\n<\/tr>\n<\/tbody>\n<\/table>\t\t\t\t\t\t<\/div>\n\t\t\t\t<\/div>\n\t\t\t\t<div class=\"elementor-element elementor-element-87100d3 elementor-widget elementor-widget-text-editor\" data-id=\"87100d3\" data-element_type=\"widget\" data-widget_type=\"text-editor.default\">\n\t\t\t\t<div class=\"elementor-widget-container\">\n\t\t\t\t\t\t\t<table>\n<tbody>\n<tr>\n<td style=\"width:50%\">Vstupn\u00ed kineziologick\u00e9 vy\u0161et\u0159en\u00ed<\/td>\n<td style=\"width:50%\">3000 K\u010d<\/td>\n<\/tr>\n<tr>\n<td style=\"width:50%\">Sportovn\u00ed vstupn\u00ed kineziologick\u00e9 vy\u0161et\u0159en\u00ed<\/td>\n<td style=\"width:50%\">3500 K\u010d<\/td>\n<\/tr>\n<tr>\n<td style=\"width:50%\">Kontroln\u00ed vy\u0161et\u0159en\u00ed po 3 m\u011bs\u00edc\u00edch<\/td>\n<td style=\"width:50%\">2500 K\u010d<\/td>\n<\/tr>\n<\/tbody>\n<\/table>\t\t\t\t\t\t<\/div>\n\t\t\t\t<\/div>\n\t\t\t\t<div class=\"elementor-element elementor-element-6410e27 elementor-widget elementor-widget-text-editor\" data-id=\"6410e27\" data-element_type=\"widget\" data-widget_type=\"text-editor.default\">\n\t\t\t\t<div class=\"elementor-widget-container\">\n\t\t\t\t\t\t\t<p><strong>Payment Terms:<\/strong><\/p><ul><li>\u00a0Cash\/ CZK, \u20ac<\/li><li>\u00a0Mobile Payment\/ Payment Receipt qr code generator<\/li><li>Platba p\u0159evodem na \u00fa\u010det<\/li><li>I do not accept credit cards<\/li><\/ul>\t\t\t\t\t\t<\/div>\n\t\t\t\t<\/div>\n\t\t\t\t\t<\/div>\n\t\t<\/div>\n\t\t\t\t\t\t\t<\/div>\n\t\t<\/section>\n\t\t\t\t\t\t\t<\/div>","protected":false},"excerpt":{"rendered":"<p>Cen\u00edk Rehabilitace 1500 K\u010d Sportovn\u00ed rehabilitace 1600 K\u010d Akutn\u00ed rehabilitace 2500 K\u010d Rehabilitace u t\u011bhotn\u00fdch prvn\u00ed n\u00e1v\u0161t\u011bva 2000 K\u010d Rehabilitace t\u011bhotn\u00fdch 1500 K\u010d Rehabilitace u d\u011bt\u00ed do 8 let 1000 K\u010d Rehabilitace d\u011bt\u00ed do 1 roku 800 K\u010d Vstupn\u00ed kineziologick\u00e9 vy\u0161et\u0159en\u00ed 3000 K\u010d Sportovn\u00ed vstupn\u00ed kineziologick\u00e9 vy\u0161et\u0159en\u00ed 3500 K\u010d Kontroln\u00ed vy\u0161et\u0159en\u00ed po 3 m\u011bs\u00edc\u00edch 2500&hellip;&nbsp;<a href=\"https:\/\/rehability.cz\/en\/cenik\/\" class=\"\" rel=\"bookmark\">Read More &raquo;<span class=\"screen-reader-text\">PRICE LIST<\/span><\/a><\/p>","protected":false},"author":1,"featured_media":0,"parent":0,"menu_order":0,"comment_status":"closed","ping_status":"closed","template":"elementor_header_footer","meta":{"neve_meta_sidebar":"","neve_meta_container":"","neve_meta_enable_content_width":"","neve_meta_content_width":0,"neve_meta_title_alignment":"","neve_meta_author_avatar":"","neve_post_elements_order":"","neve_meta_disable_header":"","neve_meta_disable_footer":"","neve_meta_disable_title":"","neve_meta_reading_time":"","footnotes":""},"class_list":["post-273","page","type-page","status-publish","hentry"],"_links":{"self":[{"href":"https:\/\/rehability.cz\/en\/wp-json\/wp\/v2\/pages\/273","targetHints":{"allow":["GET"]}}],"collection":[{"href":"https:\/\/rehability.cz\/en\/wp-json\/wp\/v2\/pages"}],"about":[{"href":"https:\/\/rehability.cz\/en\/wp-json\/wp\/v2\/types\/page"}],"author":[{"embeddable":true,"href":"https:\/\/rehability.cz\/en\/wp-json\/wp\/v2\/users\/1"}],"replies":[{"embeddable":true,"href":"https:\/\/rehability.cz\/en\/wp-json\/wp\/v2\/comments?post=273"}],"version-history":[{"count":10,"href":"https:\/\/rehability.cz\/en\/wp-json\/wp\/v2\/pages\/273\/revisions"}],"predecessor-version":[{"id":318,"href":"https:\/\/rehability.cz\/en\/wp-json\/wp\/v2\/pages\/273\/revisions\/318"}],"wp:attachment":[{"href":"https:\/\/rehability.cz\/en\/wp-json\/wp\/v2\/media?parent=273"}],"curies":[{"name":"wp","href":"https:\/\/api.w.org\/{rel}","templated":true}]}}